{"id":3,"date":"2021-03-05T15:47:27","date_gmt":"2021-03-05T15:47:27","guid":{"rendered":"http:\/\/reggioblog.it\/?page_id=3"},"modified":"2021-03-12T14:23:43","modified_gmt":"2021-03-12T14:23:43","slug":"privacy-policy","status":"publish","type":"page","link":"https:\/\/reggioblog.it\/index.php\/privacy-policy\/","title":{"rendered":"Privacy Policy"},"content":{"rendered":"\n<p>Il presente documento di&nbsp;<strong>privacy policy, aggiornato con il Regolamento UE (GDPR) 2016\/679 relativo al trattamento dei dati personali,<\/strong>&nbsp;cos\u00ec come con il&nbsp;<strong>D.Lgs 181\/18<\/strong>&nbsp;che modifica il&nbsp;<strong>D.Lgs 196\/2003,<\/strong>&nbsp;regola le modalit\u00e0 di&nbsp;<strong>trattamento dei dati<\/strong>&nbsp;raccolti da un&nbsp;<strong>sito internet<\/strong>&nbsp;durante la&nbsp;<strong>navigazione<\/strong>&nbsp;da parte dell&#8217;utente.<\/p>\n\n\n\n<p>Esso ha lo scopo preciso di&nbsp;<strong>informare l&#8217;utente<\/strong>&nbsp;circa il trattamento dei suoi dati personali secondo quanto previsto dalla legge e dal recente Regolamento UE 679\/2016, che ha modificato profondamente la disciplina.<\/p>\n\n\n\n<p>Un sito web deve avere un&nbsp;<strong>Titolare del trattamento dei dati (Data Controller)<\/strong>. Il titolare del trattamento \u00e8 colui che ha potere decisionale e organizzativo sul trattamento, oltre che decidere le modalit\u00e0 di trattamento dei dati ed \u00e8 il responsabile nei confronti del garante della privacy. Si possono nominare anche due o pi\u00f9 contitolari. In questo caso, \u00e8 obbligatorio che l&#8217;utente sappia quali siano le competenze di ogni contitolare, attraverso un link che indica l&#8217;accordo tra gli stessi.<\/p>\n\n\n\n<p>Il titolare del trattamento, \u00e8 affiancato dal&nbsp;<strong>Responsabile del Trattamento (Data Processor)<\/strong>. Questa figura \u00e8 colui che tratta i dati per conto del titolare del trattamento. Ci\u00f2 significa, che sar\u00e0 un soggetto vicino al titolare, dal quale riceve direttive su come gestire i dati. Il Responsabile del trattamento deve essere una figura competente in grado di soddisfare a pieno la sicurezza posta in essere dal Titolare del trattamento.<\/p>\n\n\n\n<p>A queste due figure, si affianca il&nbsp;<strong>Responsabile della protezione dati (Data Protection Officer DPO),<\/strong>&nbsp;il quale, nonostante venga nominato direttamente dal titolare, \u00e8 comunque un soggetto indipendente da quest&#8217;ultimo. Il DPO, prima solamente facoltativo, \u00e8 ora una figura a volte obbligatoria ai dell&#8217;art.37 del Regolamento (UE) 679\/2016. In questo articolo vengono indicati i soggetti obbligati e quelli che ne sono esenti. In ogni caso, il DPO, detto RPD in Italiano, \u00e8 un soggetto indipendente e tratta i dati con autonomia. Inoltre, \u00e8 direttamente responsabile e comunica con il garante della privacy. In definitiva, la designazione del DPO riflette il nuovo approccio del GDPR, verso una&nbsp;<strong>responsabilizzazione del trattamento dei dati,<\/strong>&nbsp;essendo finalizzata a facilitare l&#8217;attuazione del regolamento da parte del titolare e del responsabile. Il ruolo del&nbsp;<strong>DPO \u00e8 di tutelare i dati personali,<\/strong>&nbsp;non gli interessi del titolare del trattamento.<\/p>\n\n\n\n<p>Quindi, mentre il Responsabile del trattamento \u00e8 una figura vicina al Titolare, il DPO \u00e8 una figura molto pi\u00f9 indipendente, la quale non pu\u00f2 ne deve ricevere ordini dal titolare sull&#8217;effettiva protezione dei dati.<\/p>\n\n\n\n<p>Tornando all&#8217;informativa, deve essere indicato anche il&nbsp;<strong>luogo<\/strong>&nbsp;dove verranno trattati i dati, che coincide con la sede del titolare del trattamento dei dati.<\/p>\n\n\n\n<p>Fondamentale \u00e8 inserire anche le&nbsp;<strong>finalit\u00e0<\/strong>&nbsp;del trattamento dei dati. Infatti, secondo la nuova normativa, i dati dovranno essere conservati per un periodo idoneo al raggiungimento delle finalit\u00e0 preposte dal sito, per poi essere cancellati. Quindi \u00e8 obbligatorio che le finalit\u00e0 vengano indicate in maniera chiara e concisa all&#8217;interno dell&#8217;informativa.<\/p>\n\n\n\n<p>Nel documento devono anche essere indicarti i tipi di&nbsp;<strong>cookies<\/strong>&nbsp;che vengono utilizzati nella pagina web. I cookies sono brevi informazioni che possono essere salvate sul computer dell&#8217;utente quando il browser richiama un determinato sito web. Con essi il server invia informazioni che saranno rilette ed aggiornate ogni qual volta l&#8217;utente ritorner\u00e0 sul sito.<\/p>\n\n\n\n<p>Esistono vari tipi di cookies:<\/p>\n\n\n\n<ul class=\"wp-block-list\"><li><strong>Cookies tecnici<\/strong>: a norma di legge, sono quelli utilizzati al solo fine di &#8220;effettuare la trasmissione di una comunicazione su una rete di comunicazione elettronica, o nella misura strettamente necessaria al fornitore di un servizio della societ\u00e0 dell&#8217;informazione esplicitamente richiesto dall&#8217;abbonato o dall&#8217;utente a erogare tale servizio&#8221;. Essi non vengono utilizzati per scopi ulteriori e sono normalmente installati direttamente dal titolare o gestore del sito web.<\/li><li><strong>Cookies di terze parti:&nbsp;<\/strong>si hanno quando un soggetto terzo immette i cookies in una pagina internet. In questo caso, l&#8217;utente deve essere informato che si avranno cookies di altri soggetti oltre a quelli della pagina web. Tipici cookies di terze parti sono quelli dei social network<\/li><li><strong>Cookies di profilazione:&nbsp;<\/strong>sono volti a creare profili relativi all&#8217;utente e vengono utilizzati al fine di inviare messaggi pubblicitari in linea con le preferenze manifestate dallo stesso nell&#8217;ambito della navigazione in rete. Secondo il garante della privacy questi possono essere:<ul><li>di&nbsp;<strong>profilazione pubblicitaria<\/strong>, cio\u00e8 che raccolgono ed elaborano i dati degli utenti a scopo pubblicitario (es. per passarli a Concessionari pubblicitari);<\/li><li>di&nbsp;<strong>attivit\u00e0 di retargeting<\/strong>, consistenti in forme di pubblicit\u00e0 online scelte in base alle precedenti azioni o ricerche sul web dell&#8217;utente (es. Google AdWords);<\/li><li>impostati dai&nbsp;<strong>social network<\/strong>;<\/li><li>di&nbsp;<strong>attivit\u00e0 di statistica, gestiti da terze parti<\/strong>&nbsp;(es. Google Analytics).<\/li><\/ul><\/li><\/ul>\n\n\n\n<p>Nel documento si deve indicare inoltre se il sito permette&nbsp;<strong>plug-in dei social network<\/strong>&nbsp;e l&#8217;eventuale trasferimento dei dati a&nbsp;<strong>societ\u00e0 site in nazioni extracontinentali.<\/strong><\/p>\n\n\n\n<p>E&#8217; anche importante menzionare quali sono i nuovi diritti dell&#8217;interessato ai sensi della nuova normativa europea, come il diritto alla&nbsp;<strong>cancellazione dei dati,<\/strong>&nbsp;l&#8217;<strong>aggiornamento<\/strong>&nbsp;degli stessi o di&nbsp;<strong>opporsi<\/strong>&nbsp;ad un eventuale trasferimento dei dati.<\/p>\n","protected":false},"excerpt":{"rendered":"<p>Il presente documento di&nbsp;privacy policy, aggiornato con il Regolamento UE (GDPR) 2016\/679 relativo al trattamento dei dati personali,&nbsp;cos\u00ec come con il&nbsp;D.Lgs 181\/18&nbsp;che modifica il&nbsp;D.Lgs 196\/2003,&nbsp;regola le modalit\u00e0 di&nbsp;trattamento dei dati&nbsp;raccolti da un&nbsp;sito internet&nbsp;durante la&nbsp;navigazione&nbsp;da parte dell&#8217;utente. Esso ha lo scopo preciso di&nbsp;informare l&#8217;utente&nbsp;circa il trattamento dei suoi dati personali secondo quanto previsto dalla legge e [&hellip;]<\/p>\n","protected":false},"author":1,"featured_media":0,"parent":0,"menu_order":0,"comment_status":"closed","ping_status":"open","template":"","meta":{"footnotes":""},"class_list":["post-3","page","type-page","status-publish","hentry"],"yoast_head":"<!-- This site is optimized with the Yoast SEO plugin v27.5 - https:\/\/yoast.com\/product\/yoast-seo-wordpress\/ -->\r\n<title>Privacy Policy - Reggio Blog<\/title>\r\n<meta name=\"robots\" content=\"index, follow, max-snippet:-1, max-image-preview:large, max-video-preview:-1\" \/>\r\n<link rel=\"canonical\" href=\"https:\/\/reggioblog.it\/index.php\/privacy-policy\/\" \/>\r\n<meta property=\"og:locale\" content=\"it_IT\" \/>\r\n<meta property=\"og:type\" content=\"article\" \/>\r\n<meta property=\"og:title\" content=\"Privacy Policy - Reggio Blog\" \/>\r\n<meta property=\"og:description\" content=\"Il presente documento di&nbsp;privacy policy, aggiornato con il Regolamento UE (GDPR) 2016\/679 relativo al trattamento dei dati personali,&nbsp;cos\u00ec come con il&nbsp;D.Lgs 181\/18&nbsp;che modifica il&nbsp;D.Lgs 196\/2003,&nbsp;regola le modalit\u00e0 di&nbsp;trattamento dei dati&nbsp;raccolti da un&nbsp;sito internet&nbsp;durante la&nbsp;navigazione&nbsp;da parte dell&#8217;utente. Esso ha lo scopo preciso di&nbsp;informare l&#8217;utente&nbsp;circa il trattamento dei suoi dati personali secondo quanto previsto dalla legge e [&hellip;]\" \/>\r\n<meta property=\"og:url\" content=\"https:\/\/reggioblog.it\/index.php\/privacy-policy\/\" \/>\r\n<meta property=\"og:site_name\" content=\"Reggio Blog\" \/>\r\n<meta property=\"article:modified_time\" content=\"2021-03-12T14:23:43+00:00\" \/>\r\n<meta name=\"twitter:card\" content=\"summary_large_image\" \/>\r\n<meta name=\"twitter:label1\" content=\"Tempo di lettura stimato\" \/>\n\t<meta name=\"twitter:data1\" content=\"4 minuti\" \/>\r\n<script type=\"application\/ld+json\" class=\"yoast-schema-graph\">{\"@context\":\"https:\\\/\\\/schema.org\",\"@graph\":[{\"@type\":\"WebPage\",\"@id\":\"https:\\\/\\\/reggioblog.it\\\/index.php\\\/privacy-policy\\\/\",\"url\":\"https:\\\/\\\/reggioblog.it\\\/index.php\\\/privacy-policy\\\/\",\"name\":\"Privacy Policy - Reggio Blog\",\"isPartOf\":{\"@id\":\"https:\\\/\\\/reggioblog.it\\\/#website\"},\"datePublished\":\"2021-03-05T15:47:27+00:00\",\"dateModified\":\"2021-03-12T14:23:43+00:00\",\"breadcrumb\":{\"@id\":\"https:\\\/\\\/reggioblog.it\\\/index.php\\\/privacy-policy\\\/#breadcrumb\"},\"inLanguage\":\"it-IT\",\"potentialAction\":[{\"@type\":\"ReadAction\",\"target\":[\"https:\\\/\\\/reggioblog.it\\\/index.php\\\/privacy-policy\\\/\"]}]},{\"@type\":\"BreadcrumbList\",\"@id\":\"https:\\\/\\\/reggioblog.it\\\/index.php\\\/privacy-policy\\\/#breadcrumb\",\"itemListElement\":[{\"@type\":\"ListItem\",\"position\":1,\"name\":\"Home\",\"item\":\"https:\\\/\\\/reggioblog.it\\\/\"},{\"@type\":\"ListItem\",\"position\":2,\"name\":\"Privacy Policy\"}]},{\"@type\":\"WebSite\",\"@id\":\"https:\\\/\\\/reggioblog.it\\\/#website\",\"url\":\"https:\\\/\\\/reggioblog.it\\\/\",\"name\":\"Reggio Blog\",\"description\":\"Blog multitematico a Reggio Emilia e dintorni, uno spazio libero riservato a gente libera\",\"potentialAction\":[{\"@type\":\"SearchAction\",\"target\":{\"@type\":\"EntryPoint\",\"urlTemplate\":\"https:\\\/\\\/reggioblog.it\\\/?s={search_term_string}\"},\"query-input\":{\"@type\":\"PropertyValueSpecification\",\"valueRequired\":true,\"valueName\":\"search_term_string\"}}],\"inLanguage\":\"it-IT\"}]}<\/script>\r\n<!-- \/ Yoast SEO plugin. -->","yoast_head_json":{"title":"Privacy Policy - Reggio Blog","robots":{"index":"index","follow":"follow","max-snippet":"max-snippet:-1","max-image-preview":"max-image-preview:large","max-video-preview":"max-video-preview:-1"},"canonical":"https:\/\/reggioblog.it\/index.php\/privacy-policy\/","og_locale":"it_IT","og_type":"article","og_title":"Privacy Policy - Reggio Blog","og_description":"Il presente documento di&nbsp;privacy policy, aggiornato con il Regolamento UE (GDPR) 2016\/679 relativo al trattamento dei dati personali,&nbsp;cos\u00ec come con il&nbsp;D.Lgs 181\/18&nbsp;che modifica il&nbsp;D.Lgs 196\/2003,&nbsp;regola le modalit\u00e0 di&nbsp;trattamento dei dati&nbsp;raccolti da un&nbsp;sito internet&nbsp;durante la&nbsp;navigazione&nbsp;da parte dell&#8217;utente. Esso ha lo scopo preciso di&nbsp;informare l&#8217;utente&nbsp;circa il trattamento dei suoi dati personali secondo quanto previsto dalla legge e [&hellip;]","og_url":"https:\/\/reggioblog.it\/index.php\/privacy-policy\/","og_site_name":"Reggio Blog","article_modified_time":"2021-03-12T14:23:43+00:00","twitter_card":"summary_large_image","twitter_misc":{"Tempo di lettura stimato":"4 minuti"},"schema":{"@context":"https:\/\/schema.org","@graph":[{"@type":"WebPage","@id":"https:\/\/reggioblog.it\/index.php\/privacy-policy\/","url":"https:\/\/reggioblog.it\/index.php\/privacy-policy\/","name":"Privacy Policy - Reggio Blog","isPartOf":{"@id":"https:\/\/reggioblog.it\/#website"},"datePublished":"2021-03-05T15:47:27+00:00","dateModified":"2021-03-12T14:23:43+00:00","breadcrumb":{"@id":"https:\/\/reggioblog.it\/index.php\/privacy-policy\/#breadcrumb"},"inLanguage":"it-IT","potentialAction":[{"@type":"ReadAction","target":["https:\/\/reggioblog.it\/index.php\/privacy-policy\/"]}]},{"@type":"BreadcrumbList","@id":"https:\/\/reggioblog.it\/index.php\/privacy-policy\/#breadcrumb","itemListElement":[{"@type":"ListItem","position":1,"name":"Home","item":"https:\/\/reggioblog.it\/"},{"@type":"ListItem","position":2,"name":"Privacy Policy"}]},{"@type":"WebSite","@id":"https:\/\/reggioblog.it\/#website","url":"https:\/\/reggioblog.it\/","name":"Reggio Blog","description":"Blog multitematico a Reggio Emilia e dintorni, uno spazio libero riservato a gente libera","potentialAction":[{"@type":"SearchAction","target":{"@type":"EntryPoint","urlTemplate":"https:\/\/reggioblog.it\/?s={search_term_string}"},"query-input":{"@type":"PropertyValueSpecification","valueRequired":true,"valueName":"search_term_string"}}],"inLanguage":"it-IT"}]}},"_links":{"self":[{"href":"https:\/\/reggioblog.it\/index.php\/wp-json\/wp\/v2\/pages\/3","targetHints":{"allow":["GET"]}}],"collection":[{"href":"https:\/\/reggioblog.it\/index.php\/wp-json\/wp\/v2\/pages"}],"about":[{"href":"https:\/\/reggioblog.it\/index.php\/wp-json\/wp\/v2\/types\/page"}],"author":[{"embeddable":true,"href":"https:\/\/reggioblog.it\/index.php\/wp-json\/wp\/v2\/users\/1"}],"replies":[{"embeddable":true,"href":"https:\/\/reggioblog.it\/index.php\/wp-json\/wp\/v2\/comments?post=3"}],"version-history":[{"count":2,"href":"https:\/\/reggioblog.it\/index.php\/wp-json\/wp\/v2\/pages\/3\/revisions"}],"predecessor-version":[{"id":169,"href":"https:\/\/reggioblog.it\/index.php\/wp-json\/wp\/v2\/pages\/3\/revisions\/169"}],"wp:attachment":[{"href":"https:\/\/reggioblog.it\/index.php\/wp-json\/wp\/v2\/media?parent=3"}],"curies":[{"name":"wp","href":"https:\/\/api.w.org\/{rel}","templated":true}]}}